{"id":334,"date":"2023-07-05T09:27:17","date_gmt":"2023-07-05T09:27:17","guid":{"rendered":"https:\/\/visitvistabella.com\/?page_id=334"},"modified":"2023-07-20T19:20:46","modified_gmt":"2023-07-20T19:20:46","slug":"inici","status":"publish","type":"page","link":"https:\/\/visitvistabella.com\/ca\/","title":{"rendered":"Inici"},"content":{"rendered":"\n<div class=\"wp-block-cover alignfull is-light wp-duotone-333-ccc-1\" style=\"min-height:700px;aspect-ratio:unset;\"><span aria-hidden=\"true\" class=\"wp-block-cover__background has-nv-site-bg-background-color has-background-dim-30 has-background-dim\"><\/span><img loading=\"lazy\" decoding=\"async\" width=\"2560\" height=\"1920\" class=\"wp-block-cover__image-background wp-image-191\" alt=\"\" src=\"http:\/\/visitvistabella.com\/wp-content\/uploads\/2023\/07\/vistabella-scaled.jpeg\" data-object-fit=\"cover\" srcset=\"https:\/\/visitvistabella.com\/wp-content\/uploads\/2023\/07\/vistabella-scaled.jpeg 2560w, https:\/\/visitvistabella.com\/wp-content\/uploads\/2023\/07\/vistabella-300x225.jpeg 300w, https:\/\/visitvistabella.com\/wp-content\/uploads\/2023\/07\/vistabella-1024x768.jpeg 1024w, https:\/\/visitvistabella.com\/wp-content\/uploads\/2023\/07\/vistabella-768x576.jpeg 768w, https:\/\/visitvistabella.com\/wp-content\/uploads\/2023\/07\/vistabella-1536x1152.jpeg 1536w, https:\/\/visitvistabella.com\/wp-content\/uploads\/2023\/07\/vistabella-2048x1536.jpeg 2048w\" sizes=\"auto, (max-width: 2560px) 100vw, 2560px\" \/><div class=\"wp-block-cover__inner-container is-layout-flow wp-block-cover-is-layout-flow\">\n<div style=\"height:80px\" aria-hidden=\"true\" class=\"wp-block-spacer\"><\/div>\n\n\n<div class=\"wp-block-image\">\n<figure class=\"aligncenter size-full\"><img loading=\"lazy\" decoding=\"async\" width=\"407\" height=\"349\" src=\"http:\/\/visitvistabella.com\/wp-content\/uploads\/2023\/07\/100anys.png\" alt=\"\" class=\"wp-image-53\" srcset=\"https:\/\/visitvistabella.com\/wp-content\/uploads\/2023\/07\/100anys.png 407w, https:\/\/visitvistabella.com\/wp-content\/uploads\/2023\/07\/100anys-300x257.png 300w\" sizes=\"auto, (max-width: 407px) 100vw, 407px\" \/><\/figure>\n<\/div>\n\n\n<p class=\"has-text-align-center has-text-color\" style=\"color:#000000;font-size:6vw;font-style:normal;font-weight:700;letter-spacing:0px;line-height:0.9;text-decoration:none;text-transform:none\">1923-2023<\/p>\n\n\n\n<div class=\"wp-block-buttons is-content-justification-center is-layout-flex wp-container-core-buttons-is-layout-16018d1d wp-block-buttons-is-layout-flex\">\n<div class=\"wp-block-button is-style-primary\"><a class=\"wp-block-button__link has-nv-site-bg-background-color has-background wp-element-button\" href=\"https:\/\/esglesiavistabella.cat\/virtual-tour\/\">RECORREGUT VIRTUAL<\/a><\/div>\n\n\n\n<div class=\"wp-block-button is-style-secondary\"><a class=\"wp-block-button__link wp-element-button\" href=\"https:\/\/esglesiavistabella.cat\/360o-2\/\" target=\"_blank\" rel=\"noreferrer noopener\">360\u00ba<\/a><\/div>\n\n\n\n<div class=\"wp-block-button is-style-default\"><a class=\"wp-block-button__link wp-element-button\" href=\"http:\/\/visitvistabella.com\/360o\/\" target=\"_blank\" rel=\"noreferrer noopener\">TRUCAN&#8217;S<\/a><\/div>\n<\/div>\n\n\n\n<div style=\"height:80px\" aria-hidden=\"true\" class=\"wp-block-spacer\"><\/div>\n\n\n\n<div style=\"height:80px\" aria-hidden=\"true\" class=\"wp-block-spacer\"><\/div>\n<\/div><\/div>\n\n\n\n<div class=\"wp-block-cover aligncenter\" style=\"min-height:100vh;aspect-ratio:unset;\"><span aria-hidden=\"true\" class=\"wp-block-cover__background has-nv-light-bg-background-color has-background-dim-100 has-background-dim\"><\/span><div class=\"wp-block-cover__inner-container is-layout-flow wp-block-cover-is-layout-flow\">\n<p class=\"bigfont has-text-color\" style=\"color:#000000;font-size:6vw;font-style:normal;font-weight:700;letter-spacing:0px;line-height:0.9;text-decoration:underline;text-transform:none\"><strong>La Import\u00e0ncia de l&#8217;Esgl\u00e9sia del Sagrat Cor de Vistabella en l&#8217;Estil Modernista<\/strong><\/p>\n\n\n\n<p class=\"has-text-align-left mediumfont has-nv-dark-bg-color has-text-color has-large-font-size\">El Modernisme \u00e9s un moviment art\u00edstic i cultural que va tenir lloc a finals del segle XIX i principis del segle XX, caracteritzat pel seu inter\u00e8s en la innovaci\u00f3, l&#8217;originalitat i l&#8217;est\u00e8tica. A Catalunya, el modernisme es va fer evident en diverses disciplines, incloent la literatura, la pintura, la m\u00fasica i, per descomptat, l&#8217;arquitectura. Entre aquestes expressions art\u00edstiques, l&#8217;arquitectura modernista catalana \u00e9s particularment distingida i ha guanyat reconeixement internacional per la seva originalitat i bellesa.<\/p>\n<\/div><\/div>\n\n\n\n<div class=\"wp-block-group alignfull has-background\" style=\"background-color:#becac0a6;padding-top:6vw;padding-right:6vw;padding-bottom:6vw;padding-left:6vw\"><div class=\"wp-block-group__inner-container is-layout-flow wp-block-group-is-layout-flow\">\n<div class=\"wp-block-group is-vertical is-nowrap is-layout-flex wp-container-core-group-is-layout-287ef9cb wp-block-group-is-layout-flex\" style=\"padding-right:0;padding-left:0\">\n<h6 class=\"wp-block-heading has-text-color\" id=\"ecosystem\" style=\"color:#000000;font-size:16px\">VISTABELLA SAGRAT COR <\/h6>\n\n\n\n<p class=\"bigfont has-text-color\" style=\"color:#000000;font-size:6vw;font-style:normal;font-weight:700;letter-spacing:0px;line-height:0.9;text-decoration:none;text-transform:none\">Pensada per un geni, feta per un poble<\/p>\n<\/div>\n\n\n\n<div style=\"height:1vw\" aria-hidden=\"true\" class=\"wp-block-spacer\"><\/div>\n\n\n\n<div class=\"wp-block-group alignwide is-vertical is-nowrap is-layout-flex wp-container-core-group-is-layout-8171334d wp-block-group-is-layout-flex\" style=\"padding-top:0;padding-right:0;padding-bottom:0;padding-left:0\">\n<div class=\"wp-block-columns alignwide is-layout-flex wp-container-core-columns-is-layout-2656d967 wp-block-columns-is-layout-flex\">\n<div class=\"wp-block-column is-layout-flow wp-block-column-is-layout-flow\" style=\"flex-basis:33.38%\">\n<p class=\"has-text-color\" style=\"color:#000000;font-size:17px\"><em>Jujol va adoptar l&#8217;estil del Modernisme Catal\u00e0, que va ser un moviment art\u00edstic i arquitect\u00f2nic prominent a Catalunya a principis del segle XX. El seu disseny per a l&#8217;esgl\u00e9sia va incorporar elements caracter\u00edstics del Modernisme, com ara les formes org\u00e0niques, l&#8217;\u00fas auda\u00e7 dels colors i la ornamentaci\u00f3 intricada.<\/em><\/p>\n\n\n\n<p class=\"has-text-color\" style=\"color:#000000;font-size:17px\">Jujol tenia una forta connexi\u00f3 amb la natura i la va integrar en el seu disseny arquitect\u00f2nic. A l&#8217;Esgl\u00e9sia de Vistabella, va utilitzar elements vegetals i motius florals en l&#8217;ornamentaci\u00f3, donant-li un car\u00e0cter org\u00e0nic i una relaci\u00f3 harmoniosa amb l&#8217;entorn natural.<\/p>\n<\/div>\n\n\n\n<div class=\"wp-block-column is-layout-flow wp-block-column-is-layout-flow\" style=\"flex-basis:33%\">\n<div style=\"height:2vw\" aria-hidden=\"true\" class=\"wp-block-spacer\"><\/div>\n\n\n\n<figure class=\"wp-block-image size-large\"><img loading=\"lazy\" decoding=\"async\" width=\"768\" height=\"1024\" src=\"http:\/\/visitvistabella.com\/wp-content\/uploads\/2023\/07\/jujol1-768x1024.jpeg\" alt=\"\" class=\"wp-image-190\" srcset=\"https:\/\/visitvistabella.com\/wp-content\/uploads\/2023\/07\/jujol1-768x1024.jpeg 768w, https:\/\/visitvistabella.com\/wp-content\/uploads\/2023\/07\/jujol1-225x300.jpeg 225w, https:\/\/visitvistabella.com\/wp-content\/uploads\/2023\/07\/jujol1.jpeg 960w\" sizes=\"auto, (max-width: 768px) 100vw, 768px\" \/><\/figure>\n<\/div>\n\n\n\n<div class=\"wp-block-column is-layout-flow wp-block-column-is-layout-flow\" style=\"flex-basis:33.62%\">\n<figure class=\"wp-block-image size-large\"><img loading=\"lazy\" decoding=\"async\" width=\"1024\" height=\"768\" src=\"http:\/\/visitvistabella.com\/wp-content\/uploads\/2023\/07\/vistabella-1024x768.jpeg\" alt=\"\" class=\"wp-image-191\" srcset=\"https:\/\/visitvistabella.com\/wp-content\/uploads\/2023\/07\/vistabella-1024x768.jpeg 1024w, https:\/\/visitvistabella.com\/wp-content\/uploads\/2023\/07\/vistabella-300x225.jpeg 300w, https:\/\/visitvistabella.com\/wp-content\/uploads\/2023\/07\/vistabella-768x576.jpeg 768w, https:\/\/visitvistabella.com\/wp-content\/uploads\/2023\/07\/vistabella-1536x1152.jpeg 1536w, https:\/\/visitvistabella.com\/wp-content\/uploads\/2023\/07\/vistabella-2048x1536.jpeg 2048w\" sizes=\"auto, (max-width: 1024px) 100vw, 1024px\" \/><\/figure>\n<\/div>\n<\/div>\n\n\n\n<div class=\"wp-block-columns alignwide is-layout-flex wp-container-core-columns-is-layout-724a882f wp-block-columns-is-layout-flex\">\n<div class=\"wp-block-column is-layout-flow wp-block-column-is-layout-flow\" style=\"flex-basis:69%\">\n<figure class=\"wp-block-image size-full\"><img loading=\"lazy\" decoding=\"async\" width=\"1024\" height=\"768\" src=\"http:\/\/visitvistabella.com\/wp-content\/uploads\/2023\/07\/vistabella10.jpeg\" alt=\"\" class=\"wp-image-25\" srcset=\"https:\/\/visitvistabella.com\/wp-content\/uploads\/2023\/07\/vistabella10.jpeg 1024w, https:\/\/visitvistabella.com\/wp-content\/uploads\/2023\/07\/vistabella10-300x225.jpeg 300w, https:\/\/visitvistabella.com\/wp-content\/uploads\/2023\/07\/vistabella10-768x576.jpeg 768w\" sizes=\"auto, (max-width: 1024px) 100vw, 1024px\" \/><\/figure>\n<\/div>\n\n\n\n<div class=\"wp-block-column is-vertically-aligned-center is-layout-flow wp-block-column-is-layout-flow\" style=\"flex-basis:33%\">\n<div style=\"height:2vw\" aria-hidden=\"true\" class=\"wp-block-spacer\"><\/div>\n\n\n\n<p class=\"has-text-color\" style=\"color:#000000;font-size:17px\">La relaci\u00f3 de Jujol amb l&#8217;Esgl\u00e9sia del Sagrat Cor de Vistabella va ser una de profunda dedicaci\u00f3 art\u00edstica i espiritual. El seu disseny i construcci\u00f3 de l&#8217;esgl\u00e9sia reflecteixen la seva visi\u00f3 arquitect\u00f2nica \u00fanica, la seva capacitat d&#8217;innovaci\u00f3, i el seu profund respecte per la natura i l&#8217;espiritualitat. L&#8217;obra representa una part important del llegat de Jujol en el camp de l&#8217;arquitectura i la seva contribuci\u00f3 al moviment Modernista Catal\u00e0.<\/p>\n<\/div>\n<\/div>\n<\/div>\n\n\n\n<p><\/p>\n<\/div><\/div>\n\n\n\n<div class=\"wp-block-cover alignfull is-light\" style=\"margin-top:0;padding-top:5vw;padding-right:5vw;padding-bottom:5vw;padding-left:5vw;min-height:66vh;aspect-ratio:unset;\"><span aria-hidden=\"true\" class=\"wp-block-cover__background has-background-dim-100 has-background-dim has-background-gradient\" style=\"background:linear-gradient(90deg,rgb(110,110,110) 50%,rgba(41,42,41,0.61) 50%)\"><\/span><div class=\"wp-block-cover__inner-container is-layout-flow wp-block-cover-is-layout-flow\">\n<div class=\"wp-block-group wp-container-content-9cfa9a5a\"><div class=\"wp-block-group__inner-container is-layout-constrained wp-container-core-group-is-layout-d63a2e28 wp-block-group-is-layout-constrained\">\n<div style=\"height:100px\" aria-hidden=\"true\" class=\"wp-block-spacer\"><\/div>\n\n\n\n<figure class=\"wp-block-image size-full is-resized is-style-default wp-duotone-000000-ffffff-2\"><img loading=\"lazy\" decoding=\"async\" src=\"http:\/\/visitvistabella.com\/wp-content\/uploads\/2023\/07\/default.jpeg\" alt=\"\" class=\"wp-image-211\" width=\"601\" height=\"921\" srcset=\"https:\/\/visitvistabella.com\/wp-content\/uploads\/2023\/07\/default.jpeg 522w, https:\/\/visitvistabella.com\/wp-content\/uploads\/2023\/07\/default-196x300.jpeg 196w\" sizes=\"auto, (max-width: 601px) 100vw, 601px\" \/><\/figure>\n\n\n\n<div style=\"height:48px\" aria-hidden=\"true\" class=\"wp-block-spacer\"><\/div>\n\n\n\n<h2 class=\"wp-block-heading alignwide has-text-align-center has-white-color has-text-color\" style=\"padding-left:32px;font-size:50px;font-style:normal;font-weight:400;letter-spacing:25px;line-height:1;text-transform:uppercase\">vistabella<\/h2>\n\n\n\n<div style=\"height:100px\" aria-hidden=\"true\" class=\"wp-block-spacer\"><\/div>\n<\/div><\/div>\n<\/div><\/div>\n\n\n\n<div class=\"wp-block-cover alignfull wp-duotone-var--nv-light-bg-var--nv-c-2-3\" style=\"margin-top:0;padding-top:5vw;padding-right:5vw;padding-bottom:5vw;padding-left:5vw\"><span aria-hidden=\"true\" class=\"wp-block-cover__background has-nv-light-bg-background-color has-background-dim-60 has-background-dim\"><\/span><img loading=\"lazy\" decoding=\"async\" width=\"522\" height=\"800\" class=\"wp-block-cover__image-background wp-image-211\" alt=\"\" src=\"http:\/\/visitvistabella.com\/wp-content\/uploads\/2023\/07\/default.jpeg\" data-object-fit=\"cover\" srcset=\"https:\/\/visitvistabella.com\/wp-content\/uploads\/2023\/07\/default.jpeg 522w, https:\/\/visitvistabella.com\/wp-content\/uploads\/2023\/07\/default-196x300.jpeg 196w\" sizes=\"auto, (max-width: 522px) 100vw, 522px\" \/><div class=\"wp-block-cover__inner-container is-layout-flow wp-block-cover-is-layout-flow\">\n<div style=\"height:48px\" aria-hidden=\"true\" class=\"wp-block-spacer\"><\/div>\n\n\n\n<div class=\"wp-block-group is-vertical is-content-justification-center is-nowrap is-layout-flex wp-container-core-group-is-layout-c8003664 wp-block-group-is-layout-flex\">\n<p class=\"has-text-align-right has-nv-site-bg-color has-text-color\" style=\"font-size:148px;font-style:normal;font-weight:300;letter-spacing:-4px;line-height:0.8;text-transform:uppercase\">MODERNISME<\/p>\n\n\n\n<p class=\"has-text-align-right has-nv-light-bg-color has-text-color\" style=\"font-size:148px;font-style:normal;font-weight:300;letter-spacing:-4px;line-height:0.8;text-transform:uppercase\">CATAL\u00c0<\/p>\n\n\n\n<p class=\"has-text-align-right has-nv-dark-bg-color has-text-color\" style=\"font-size:148px;font-style:normal;font-weight:300;letter-spacing:-4px;line-height:0.8;text-transform:uppercase\">MODERNISME<\/p>\n\n\n\n<p class=\"has-text-align-right has-text-color\" style=\"color:#00000029;font-size:148px;font-style:normal;font-weight:300;letter-spacing:-4px;line-height:0.8;text-transform:uppercase\">CATAL\u00c0<\/p>\n<\/div>\n\n\n\n<div style=\"height:48px\" aria-hidden=\"true\" class=\"wp-block-spacer\"><\/div>\n<\/div><\/div>\n\n\n\n<figure class=\"wp-block-gallery has-nested-images columns-default is-cropped wp-block-gallery-4 is-layout-flex wp-block-gallery-is-layout-flex\">\n<figure class=\"wp-block-image size-large\"><img loading=\"lazy\" decoding=\"async\" width=\"507\" height=\"800\" data-id=\"263\" src=\"http:\/\/visitvistabella.com\/wp-content\/uploads\/2023\/07\/default2-1.jpeg\" alt=\"\" class=\"wp-image-263\" srcset=\"https:\/\/visitvistabella.com\/wp-content\/uploads\/2023\/07\/default2-1.jpeg 507w, https:\/\/visitvistabella.com\/wp-content\/uploads\/2023\/07\/default2-1-190x300.jpeg 190w\" sizes=\"auto, (max-width: 507px) 100vw, 507px\" \/><\/figure>\n\n\n\n<figure class=\"wp-block-image size-large\"><img loading=\"lazy\" decoding=\"async\" width=\"522\" height=\"800\" data-id=\"262\" src=\"http:\/\/visitvistabella.com\/wp-content\/uploads\/2023\/07\/default-1.jpeg\" alt=\"\" class=\"wp-image-262\" srcset=\"https:\/\/visitvistabella.com\/wp-content\/uploads\/2023\/07\/default-1.jpeg 522w, https:\/\/visitvistabella.com\/wp-content\/uploads\/2023\/07\/default-1-196x300.jpeg 196w\" sizes=\"auto, (max-width: 522px) 100vw, 522px\" \/><\/figure>\n\n\n\n<figure class=\"wp-block-image size-large\"><img loading=\"lazy\" decoding=\"async\" width=\"1024\" height=\"1024\" data-id=\"261\" src=\"http:\/\/visitvistabella.com\/wp-content\/uploads\/2023\/07\/233966-340932-1-PB-1-1-1024x1024.jpeg\" alt=\"\" class=\"wp-image-261\" srcset=\"https:\/\/visitvistabella.com\/wp-content\/uploads\/2023\/07\/233966-340932-1-PB-1-1-1024x1024.jpeg 1024w, https:\/\/visitvistabella.com\/wp-content\/uploads\/2023\/07\/233966-340932-1-PB-1-1-300x300.jpeg 300w, https:\/\/visitvistabella.com\/wp-content\/uploads\/2023\/07\/233966-340932-1-PB-1-1-150x150.jpeg 150w, https:\/\/visitvistabella.com\/wp-content\/uploads\/2023\/07\/233966-340932-1-PB-1-1-768x768.jpeg 768w, https:\/\/visitvistabella.com\/wp-content\/uploads\/2023\/07\/233966-340932-1-PB-1-1.jpeg 1358w\" sizes=\"auto, (max-width: 1024px) 100vw, 1024px\" \/><\/figure>\n\n\n\n<figure class=\"wp-block-image size-large\"><img loading=\"lazy\" decoding=\"async\" width=\"507\" height=\"800\" data-id=\"260\" src=\"http:\/\/visitvistabella.com\/wp-content\/uploads\/2023\/07\/default2.jpeg\" alt=\"\" class=\"wp-image-260\" srcset=\"https:\/\/visitvistabella.com\/wp-content\/uploads\/2023\/07\/default2.jpeg 507w, https:\/\/visitvistabella.com\/wp-content\/uploads\/2023\/07\/default2-190x300.jpeg 190w\" sizes=\"auto, (max-width: 507px) 100vw, 507px\" \/><\/figure>\n\n\n\n<figure class=\"wp-block-image size-large\"><img loading=\"lazy\" decoding=\"async\" width=\"701\" height=\"905\" data-id=\"259\" src=\"http:\/\/visitvistabella.com\/wp-content\/uploads\/2023\/07\/6a708b68a0fb7ce662bf5d40a48ce885.jpeg\" alt=\"\" class=\"wp-image-259\" srcset=\"https:\/\/visitvistabella.com\/wp-content\/uploads\/2023\/07\/6a708b68a0fb7ce662bf5d40a48ce885.jpeg 701w, https:\/\/visitvistabella.com\/wp-content\/uploads\/2023\/07\/6a708b68a0fb7ce662bf5d40a48ce885-232x300.jpeg 232w\" sizes=\"auto, (max-width: 701px) 100vw, 701px\" \/><\/figure>\n\n\n\n<figure class=\"wp-block-image size-large\"><img loading=\"lazy\" decoding=\"async\" width=\"1024\" height=\"649\" data-id=\"258\" src=\"http:\/\/visitvistabella.com\/wp-content\/uploads\/2023\/07\/FDU-1024x649-1.jpeg\" alt=\"\" class=\"wp-image-258\" srcset=\"https:\/\/visitvistabella.com\/wp-content\/uploads\/2023\/07\/FDU-1024x649-1.jpeg 1024w, https:\/\/visitvistabella.com\/wp-content\/uploads\/2023\/07\/FDU-1024x649-1-300x190.jpeg 300w, https:\/\/visitvistabella.com\/wp-content\/uploads\/2023\/07\/FDU-1024x649-1-768x487.jpeg 768w\" sizes=\"auto, (max-width: 1024px) 100vw, 1024px\" \/><\/figure>\n\n\n\n<figure class=\"wp-block-image size-large\"><img loading=\"lazy\" decoding=\"async\" width=\"1022\" height=\"1024\" data-id=\"257\" src=\"http:\/\/visitvistabella.com\/wp-content\/uploads\/2023\/07\/233966-340932-1-PB-5-1022x1024-1.jpeg\" alt=\"\" class=\"wp-image-257\" srcset=\"https:\/\/visitvistabella.com\/wp-content\/uploads\/2023\/07\/233966-340932-1-PB-5-1022x1024-1.jpeg 1022w, https:\/\/visitvistabella.com\/wp-content\/uploads\/2023\/07\/233966-340932-1-PB-5-1022x1024-1-300x300.jpeg 300w, https:\/\/visitvistabella.com\/wp-content\/uploads\/2023\/07\/233966-340932-1-PB-5-1022x1024-1-150x150.jpeg 150w, https:\/\/visitvistabella.com\/wp-content\/uploads\/2023\/07\/233966-340932-1-PB-5-1022x1024-1-768x770.jpeg 768w\" sizes=\"auto, (max-width: 1022px) 100vw, 1022px\" \/><\/figure>\n\n\n\n<figure class=\"wp-block-image size-large\"><img loading=\"lazy\" decoding=\"async\" width=\"1007\" height=\"1024\" data-id=\"256\" src=\"http:\/\/visitvistabella.com\/wp-content\/uploads\/2023\/07\/233966-340932-1-PB-7-1007x1024-1.jpeg\" alt=\"\" class=\"wp-image-256\" srcset=\"https:\/\/visitvistabella.com\/wp-content\/uploads\/2023\/07\/233966-340932-1-PB-7-1007x1024-1.jpeg 1007w, https:\/\/visitvistabella.com\/wp-content\/uploads\/2023\/07\/233966-340932-1-PB-7-1007x1024-1-295x300.jpeg 295w, https:\/\/visitvistabella.com\/wp-content\/uploads\/2023\/07\/233966-340932-1-PB-7-1007x1024-1-768x781.jpeg 768w\" sizes=\"auto, (max-width: 1007px) 100vw, 1007px\" \/><\/figure>\n\n\n\n<figure class=\"wp-block-image size-large\"><img loading=\"lazy\" decoding=\"async\" width=\"700\" height=\"706\" data-id=\"255\" src=\"http:\/\/visitvistabella.com\/wp-content\/uploads\/2023\/07\/FHHF.jpeg\" alt=\"\" class=\"wp-image-255\" srcset=\"https:\/\/visitvistabella.com\/wp-content\/uploads\/2023\/07\/FHHF.jpeg 700w, https:\/\/visitvistabella.com\/wp-content\/uploads\/2023\/07\/FHHF-297x300.jpeg 297w, https:\/\/visitvistabella.com\/wp-content\/uploads\/2023\/07\/FHHF-150x150.jpeg 150w\" sizes=\"auto, (max-width: 700px) 100vw, 700px\" \/><\/figure>\n<\/figure>\n\n\n\n<p class=\"has-text-color\" style=\"color:#000000;font-size:6vw;font-style:normal;font-weight:700;letter-spacing:0px;line-height:0.9;text-decoration:none;text-transform:none\">DARRERES NOTICIES<\/p>\n\n\n\n<div class=\"wp-block-query alignfull is-layout-flow wp-block-query-is-layout-flow\">\n<div class=\"wp-block-group alignfull\" style=\"padding-top:0;padding-right:var(--wp--preset--spacing--40);padding-bottom:var(--wp--preset--spacing--40);padding-left:var(--wp--preset--spacing--40)\"><div class=\"wp-block-group__inner-container is-layout-flow wp-block-group-is-layout-flow\"><ul style=\"text-transform:none;\" class=\"alignfull wp-block-post-template is-layout-flow wp-block-post-template-is-layout-flow\"><li class=\"wp-block-post post-385 post type-post status-publish format-standard has-post-thumbnail hentry category-noticies\">\n\n<div class=\"wp-block-group\" style=\"padding-bottom:var(--wp--preset--spacing--50)\"><div class=\"wp-block-group__inner-container is-layout-flow wp-block-group-is-layout-flow\">\n<div class=\"wp-block-group is-content-justification-space-between is-nowrap is-layout-flex wp-container-core-group-is-layout-8b4a092f wp-block-group-is-layout-flex\" style=\"border-bottom-color:var(--wp--preset--color--contrast);border-bottom-width:4px;padding-top:var(--wp--preset--spacing--30);padding-right:0;padding-bottom:var(--wp--preset--spacing--30);padding-left:0\"><div style=\"font-size:2rem;font-style:normal;font-weight:600;letter-spacing:1px; margin-top:0;margin-right:0;margin-bottom:0;margin-left:0;\" class=\"has-text-align-left has-link-color wp-elements-5813a8450eb0347cfdf34f1870882db6 wp-block-post-date has-text-color has-contrast-color\"><time datetime=\"2023-07-06T09:32:52+00:00\">07.6<\/time><\/div>\n\n<div style=\"font-size:2rem;font-style:normal;font-weight:600;letter-spacing:1px; margin-top:0;margin-right:0;margin-bottom:0;margin-left:0;\" class=\"has-text-align-left has-link-color wp-elements-672016f5c95dcb277e0d666c7795c645 wp-block-post-date has-text-color has-contrast-color\"><time datetime=\"2023-07-06T09:32:52+00:00\">2023<\/time><\/div><\/div>\n\n\n<h2 style=\"font-size:4.6rem;font-style:normal;font-weight:600;line-height:1.1; padding-top:var(--wp--preset--spacing--30);\" class=\"has-link-color wp-elements-b5fa43084743aafd1d185f08a32e7678 wp-block-post-title has-text-color has-contrast-color\"><a href=\"https:\/\/visitvistabella.com\/ca\/primavera-musical-a-vistabella-modernisme-patrimoni-cultura\/\" target=\"_self\" >Primavera Musical a Vistabella: Modernisme, Patrimoni, Cultura.<\/a><\/h2><\/div><\/div>\n\n<\/li><li class=\"wp-block-post post-386 post type-post status-publish format-standard has-post-thumbnail hentry category-noticies\">\n\n<div class=\"wp-block-group\" style=\"padding-bottom:var(--wp--preset--spacing--50)\"><div class=\"wp-block-group__inner-container is-layout-flow wp-block-group-is-layout-flow\">\n<div class=\"wp-block-group is-content-justification-space-between is-nowrap is-layout-flex wp-container-core-group-is-layout-8b4a092f wp-block-group-is-layout-flex\" style=\"border-bottom-color:var(--wp--preset--color--contrast);border-bottom-width:4px;padding-top:var(--wp--preset--spacing--30);padding-right:0;padding-bottom:var(--wp--preset--spacing--30);padding-left:0\"><div style=\"font-size:2rem;font-style:normal;font-weight:600;letter-spacing:1px; margin-top:0;margin-right:0;margin-bottom:0;margin-left:0;\" class=\"has-text-align-left has-link-color wp-elements-5813a8450eb0347cfdf34f1870882db6 wp-block-post-date has-text-color has-contrast-color\"><time datetime=\"2023-07-06T09:23:59+00:00\">07.6<\/time><\/div>\n\n<div style=\"font-size:2rem;font-style:normal;font-weight:600;letter-spacing:1px; margin-top:0;margin-right:0;margin-bottom:0;margin-left:0;\" class=\"has-text-align-left has-link-color wp-elements-672016f5c95dcb277e0d666c7795c645 wp-block-post-date has-text-color has-contrast-color\"><time datetime=\"2023-07-06T09:23:59+00:00\">2023<\/time><\/div><\/div>\n\n\n<h2 style=\"font-size:4.6rem;font-style:normal;font-weight:600;line-height:1.1; padding-top:var(--wp--preset--spacing--30);\" class=\"has-link-color wp-elements-b5fa43084743aafd1d185f08a32e7678 wp-block-post-title has-text-color has-contrast-color\"><a href=\"https:\/\/visitvistabella.com\/ca\/obres-recents-a-lesglesia-de-vistabella-lus-de-tecniques-de-post-tensio-per-a-lestabilitzacio-del-campanar-de-mao\/\" target=\"_self\" >Obres Recents a l&#8217;Esgl\u00e9sia de Vistabella: L&#8217;\u00das de T\u00e8cniques de Post-Tensi\u00f3 per a l&#8217;Estabilitzaci\u00f3 del Campanar de Ma\u00f3.<\/a><\/h2><\/div><\/div>\n\n<\/li><\/ul><\/div><\/div>\n\n\n\n<div class=\"wp-block-group\" style=\"margin-top:0;margin-bottom:0;padding-top:var(--wp--preset--spacing--40);padding-right:var(--wp--preset--spacing--40);padding-bottom:var(--wp--preset--spacing--40);padding-left:var(--wp--preset--spacing--40)\"><div class=\"wp-block-group__inner-container is-layout-flow wp-block-group-is-layout-flow\"><\/div><\/div>\n<\/div>\n","protected":false},"excerpt":{"rendered":"<p>VISTABELLA SAGRAT COR Pensada per un geni, feta per un poble Jujol va adoptar l&#8217;estil del Modernisme Catal\u00e0, que va ser un moviment art\u00edstic i arquitect\u00f2nic prominent a Catalunya a principis del segle XX. El seu disseny per a l&#8217;esgl\u00e9sia va incorporar elements caracter\u00edstics del Modernisme, com ara les formes org\u00e0niques, l&#8217;\u00fas auda\u00e7 dels colors&hellip;&nbsp;<a href=\"https:\/\/visitvistabella.com\/ca\/\" rel=\"bookmark\">Llegiu m\u00e9s &raquo;<span class=\"screen-reader-text\">Inici<\/span><\/a><\/p>\n","protected":false},"author":1,"featured_media":0,"parent":0,"menu_order":0,"comment_status":"closed","ping_status":"closed","template":"","meta":{"neve_meta_sidebar":"full-width","neve_meta_container":"full-width","neve_meta_enable_content_width":"on","neve_meta_content_width":100,"neve_meta_title_alignment":"","neve_meta_author_avatar":"","neve_post_elements_order":"","neve_meta_disable_header":"","neve_meta_disable_footer":"","neve_meta_disable_title":"on","footnotes":""},"class_list":["post-334","page","type-page","status-publish","hentry"],"_links":{"self":[{"href":"https:\/\/visitvistabella.com\/ca\/wp-json\/wp\/v2\/pages\/334","targetHints":{"allow":["GET"]}}],"collection":[{"href":"https:\/\/visitvistabella.com\/ca\/wp-json\/wp\/v2\/pages"}],"about":[{"href":"https:\/\/visitvistabella.com\/ca\/wp-json\/wp\/v2\/types\/page"}],"author":[{"embeddable":true,"href":"https:\/\/visitvistabella.com\/ca\/wp-json\/wp\/v2\/users\/1"}],"replies":[{"embeddable":true,"href":"https:\/\/visitvistabella.com\/ca\/wp-json\/wp\/v2\/comments?post=334"}],"version-history":[{"count":4,"href":"https:\/\/visitvistabella.com\/ca\/wp-json\/wp\/v2\/pages\/334\/revisions"}],"predecessor-version":[{"id":380,"href":"https:\/\/visitvistabella.com\/ca\/wp-json\/wp\/v2\/pages\/334\/revisions\/380"}],"wp:attachment":[{"href":"https:\/\/visitvistabella.com\/ca\/wp-json\/wp\/v2\/media?parent=334"}],"curies":[{"name":"wp","href":"https:\/\/api.w.org\/{rel}","templated":true}]}}